{"id":29,"date":"2020-04-03T06:45:52","date_gmt":"2020-04-03T06:45:52","guid":{"rendered":"https:\/\/likoerfabrik-trapp.de\/?page_id=29"},"modified":"2025-07-22T07:34:04","modified_gmt":"2025-07-22T07:34:04","slug":"impressum","status":"publish","type":"page","link":"https:\/\/likoerfabrik-trapp.de\/WordPress_03\/?page_id=29","title":{"rendered":"Impressum"},"content":{"rendered":"<p>Name und Anschrift der Firma:<br \/>\nLik\u00f6rfabrik Rudolf Trapp e. K.<br \/>\nOT Oberwei\u00dfbach<br \/>\nFr\u00f6belstra\u00dfe 1<br \/>\n98744 Schwarzatal<\/p>\n<p>Firmeninhaber:<br \/>\nAnja Rose<\/p>\n<p>Telefon\/Fax\/email:<br \/>\nTel.:\u00a0\u00a0 (03 67 05) 6 23 14<br \/>\nFax:\u00a0\u00a0\u00a0(03 67 05) 2 06 31<br \/>\ne-mail:\u00a0likoerfabrik-trapp@t-online.de<\/p>\n<p>Handelsregister:<br \/>\nAmtsgericht Jena &#8211; HRA 202238<br \/>\nUSt-IdNr.:<br \/>\nDE 212697661<\/p>\n<p><strong>Streitbeilegung:<\/strong><br \/>\nWir sind zur Beilegung von Streitigkeiten mit Verbrauchern vor einer Schlichtungsstelle weder bereit noch verpflichtet.<\/p>\n<p><b>Haftungshinweis:<br \/>\n<\/b>Unser Angebot enth\u00e4lt Links zu externen Webseiten Dritter, auf deren\u00a0Inhalte wir keinen Einfluss haben. Deshalb k\u00f6nnen wir f\u00fcr diese fremden\u00a0Inhalte auch keine Gew\u00e4hr \u00fcbernehmen. F\u00fcr die Inhalte der verlinkten Seiten ist stets der jeweilige Anbieter oder Betreiber der Seiten\u00a0verantwortlich. Die verlinkten Seiten wurden zum Zeitpunkt der Verlinkung auf m\u00f6gliche Rechtsverst\u00f6\u00dfe \u00fcberpr\u00fcft. Rechtswidrige Inhalte waren zum Zeitpunkt der Verlinkung nicht erkennbar. Eine permanente\u00a0inhaltliche Kontrolle der verlinkten Seiten ist jedoch ohne konkrete\u00a0Anhaltspunkte einer Rechtsverletzung nicht zumutbar. Bei bekannt werden\u00a0von Rechtsverletzungen werden wir derartige Links umgehend entfernen.<\/p>\n<p><b>Urheberrecht:<br \/>\n<\/b>Die durch den Seitenbetreiber erstellten Inhalte und Werke auf diesen Seiten unterliegen dem deutschen Urheberrecht. Beitr\u00e4ge Dritter sind als solche gekennzeichnet. Die Vervielf\u00e4ltigung, Bearbeitung, Verbreitung und jede Art der Verwertung au\u00dferhalb der Grenzen des Urheberrechtes bed\u00fcrfen der schriftlichen Zustimmung des jeweiligen Autors bzw. Erstellers. Downloads und Kopien dieser Seite sind nur f\u00fcr den privaten, nicht kommerziellen Gebrauch gestattet. Die Betreiber der Seiten sind bem\u00fcht, stets die Urheberrechte anderer zu beachten bzw. auf selbst erstellte sowie lizenzfreie Werke zur\u00fcckzugreifen.<\/p>\n","protected":false},"excerpt":{"rendered":"<p>Name und Anschrift der Firma: Lik\u00f6rfabrik Rudolf Trapp e. K. OT Oberwei\u00dfbach Fr\u00f6belstra\u00dfe 1 98744 Schwarzatal Firmeninhaber: Anja Rose Telefon\/Fax\/email: Tel.:\u00a0\u00a0 (03 67 05) 6 23 14 Fax:\u00a0\u00a0\u00a0(03 67 05) 2 06 31 e-mail:\u00a0likoerfabrik-trapp@t-online.de Handelsregister: Amtsgericht Jena &#8211; HRA 202238 USt-IdNr.: DE 212697661 Streitbeilegung: Wir sind zur Beilegung von Streitigkeiten mit Verbrauchern vor einer Schlichtungsstelle [&hellip;]<\/p>\n","protected":false},"author":1,"featured_media":0,"parent":0,"menu_order":0,"comment_status":"closed","ping_status":"closed","template":"","meta":[],"_links":{"self":[{"href":"https:\/\/likoerfabrik-trapp.de\/WordPress_03\/index.php?rest_route=\/wp\/v2\/pages\/29"}],"collection":[{"href":"https:\/\/likoerfabrik-trapp.de\/WordPress_03\/index.php?rest_route=\/wp\/v2\/pages"}],"about":[{"href":"https:\/\/likoerfabrik-trapp.de\/WordPress_03\/index.php?rest_route=\/wp\/v2\/types\/page"}],"author":[{"embeddable":true,"href":"https:\/\/likoerfabrik-trapp.de\/WordPress_03\/index.php?rest_route=\/wp\/v2\/users\/1"}],"replies":[{"embeddable":true,"href":"https:\/\/likoerfabrik-trapp.de\/WordPress_03\/index.php?rest_route=%2Fwp%2Fv2%2Fcomments&post=29"}],"version-history":[{"count":6,"href":"https:\/\/likoerfabrik-trapp.de\/WordPress_03\/index.php?rest_route=\/wp\/v2\/pages\/29\/revisions"}],"predecessor-version":[{"id":376,"href":"https:\/\/likoerfabrik-trapp.de\/WordPress_03\/index.php?rest_route=\/wp\/v2\/pages\/29\/revisions\/376"}],"wp:attachment":[{"href":"https:\/\/likoerfabrik-trapp.de\/WordPress_03\/index.php?rest_route=%2Fwp%2Fv2%2Fmedia&parent=29"}],"curies":[{"name":"wp","href":"https:\/\/api.w.org\/{rel}","templated":true}]}}