{"id":23,"date":"2020-04-03T06:45:05","date_gmt":"2020-04-03T06:45:05","guid":{"rendered":"https:\/\/likoerfabrik-trapp.de\/?page_id=23"},"modified":"2024-04-12T08:51:22","modified_gmt":"2024-04-12T08:51:22","slug":"kontakt","status":"publish","type":"page","link":"https:\/\/likoerfabrik-trapp.de\/WordPress_03\/?page_id=23","title":{"rendered":"Kontakt"},"content":{"rendered":"<p><img loading=\"lazy\" class=\"alignleft wp-image-97\" src=\"https:\/\/likoerfabrik-trapp.de\/WordPress_03\/wp-content\/uploads\/2020\/04\/werksverkauf-1.png\" alt=\"\" width=\"235\" height=\"228\" srcset=\"https:\/\/likoerfabrik-trapp.de\/WordPress_03\/wp-content\/uploads\/2020\/04\/werksverkauf-1.png 512w, https:\/\/likoerfabrik-trapp.de\/WordPress_03\/wp-content\/uploads\/2020\/04\/werksverkauf-1-300x291.png 300w\" sizes=\"(max-width: 235px) 100vw, 235px\" \/><strong>Kontaktdaten:<\/strong><\/p>\n<p>Lik\u00f6rfabrik Rudolf Trapp e. K.<br \/>OT Oberwei\u00dfbach<br \/>Fr\u00f6belstra\u00dfe 1<br \/>98744 Schwarzatal<\/p>\n<p>Telefon: (036705) 62314<br \/>Fax: \u00a0\u00a0\u00a0\u00a0\u00a0\u00a0 (036705) 20631<br \/>email: \u00a0\u00a0 <a href=\"mailto:likoerfabrik-trapp@t-online.de\">likoerfabrik-trapp@t-online.de<\/a><\/p>\n<p>Kommen Sie doch einmal vorbei und besichtigen unseren gem\u00fctlich eingerichteten Werksverkauf. Bei einer Verkostung k\u00f6nnen sie sich von der Qualit\u00e4t unserer Produkte \u00fcberzeugen. Sie finden uns im Zentrum von Oberwei\u00dfbach (Stadt Schwarzatal), in der N\u00e4he der Kirche (Richtung Lichtenhain\/Bgb.). In unserem Werksverkauf erhalten sie auch Pr\u00e4sente f\u00fcr viele Anl\u00e4sse.<\/p>\n<p><strong>\u00d6ffnungszeiten (Abweichungen m\u00f6glich):<\/strong><\/p>\n<p>Montag bis Freitag\u00a0\u00a0\u00a0 8:00 &#8211; 12:00 und 13:00 &#8211; 17:00 Uhr<br \/>Samstag\u00a0\u00a0\u00a0\u00a0\u00a0\u00a0\u00a0\u00a0\u00a0\u00a0\u00a0\u00a0\u00a0\u00a0\u00a0\u00a0\u00a0\u00a0\u00a0\u00a0\u00a0\u00a0 9:30 &#8211; 11:30 Uhr<\/p>\n<p><span style=\"color: #ff0000;\">Abweichungen m\u00f6glich!<br \/>Aktuelle \u00c4nderungen der \u00d6ffnungszeiten werden unter Aktuelles ver\u00f6ffentlicht!<\/span><\/p>\n<p>\u00a0<\/p>\n\n\n<p><\/p>\n","protected":false},"excerpt":{"rendered":"<p>Kontaktdaten: Lik\u00f6rfabrik Rudolf Trapp e. K.OT Oberwei\u00dfbachFr\u00f6belstra\u00dfe 198744 Schwarzatal Telefon: (036705) 62314Fax: \u00a0\u00a0\u00a0\u00a0\u00a0\u00a0 (036705) 20631email: \u00a0\u00a0 likoerfabrik-trapp@t-online.de Kommen Sie doch einmal vorbei und besichtigen unseren gem\u00fctlich eingerichteten Werksverkauf. Bei einer Verkostung k\u00f6nnen sie sich von der Qualit\u00e4t unserer Produkte \u00fcberzeugen. Sie finden uns im Zentrum von Oberwei\u00dfbach (Stadt Schwarzatal), in der N\u00e4he der Kirche (Richtung [&hellip;]<\/p>\n","protected":false},"author":1,"featured_media":0,"parent":0,"menu_order":0,"comment_status":"closed","ping_status":"closed","template":"","meta":[],"_links":{"self":[{"href":"https:\/\/likoerfabrik-trapp.de\/WordPress_03\/index.php?rest_route=\/wp\/v2\/pages\/23"}],"collection":[{"href":"https:\/\/likoerfabrik-trapp.de\/WordPress_03\/index.php?rest_route=\/wp\/v2\/pages"}],"about":[{"href":"https:\/\/likoerfabrik-trapp.de\/WordPress_03\/index.php?rest_route=\/wp\/v2\/types\/page"}],"author":[{"embeddable":true,"href":"https:\/\/likoerfabrik-trapp.de\/WordPress_03\/index.php?rest_route=\/wp\/v2\/users\/1"}],"replies":[{"embeddable":true,"href":"https:\/\/likoerfabrik-trapp.de\/WordPress_03\/index.php?rest_route=%2Fwp%2Fv2%2Fcomments&post=23"}],"version-history":[{"count":7,"href":"https:\/\/likoerfabrik-trapp.de\/WordPress_03\/index.php?rest_route=\/wp\/v2\/pages\/23\/revisions"}],"predecessor-version":[{"id":346,"href":"https:\/\/likoerfabrik-trapp.de\/WordPress_03\/index.php?rest_route=\/wp\/v2\/pages\/23\/revisions\/346"}],"wp:attachment":[{"href":"https:\/\/likoerfabrik-trapp.de\/WordPress_03\/index.php?rest_route=%2Fwp%2Fv2%2Fmedia&parent=23"}],"curies":[{"name":"wp","href":"https:\/\/api.w.org\/{rel}","templated":true}]}}