{"id":21,"date":"2020-04-03T06:44:51","date_gmt":"2020-04-03T06:44:51","guid":{"rendered":"https:\/\/likoerfabrik-trapp.de\/?page_id=21"},"modified":"2026-04-13T13:31:27","modified_gmt":"2026-04-13T13:31:27","slug":"aktuelles","status":"publish","type":"page","link":"https:\/\/likoerfabrik-trapp.de\/WordPress_03\/?page_id=21","title":{"rendered":"Aktuelles"},"content":{"rendered":"<p><strong>Aktuelle \u00c4nderungen zu den \u00d6ffnungszeiten Werksverkauf<\/strong><strong><br \/><\/strong><\/p>\n<p>Unser Werksverkauf bleibt an den folgenden Tagen geschlossen:<\/p>\n<p>09.05.26<br \/>16.05.19.05.26<br \/>01.06.-12.06.26<br \/>25.07.-28.07.26<br \/>13.08.-15.08.26<br \/>02.10.-09.10.26<\/p>\n\n\n<div class=\"wp-block-media-text alignwide is-stacked-on-mobile\" style=\"grid-template-columns:18% auto\"><figure class=\"wp-block-media-text__media\"><img loading=\"lazy\" width=\"370\" height=\"512\" src=\"https:\/\/likoerfabrik-trapp.de\/WordPress_03\/wp-content\/uploads\/2020\/04\/waldelixier.png\" alt=\"\" class=\"wp-image-44 size-full\" srcset=\"https:\/\/likoerfabrik-trapp.de\/WordPress_03\/wp-content\/uploads\/2020\/04\/waldelixier.png 370w, https:\/\/likoerfabrik-trapp.de\/WordPress_03\/wp-content\/uploads\/2020\/04\/waldelixier-217x300.png 217w\" sizes=\"(max-width: 370px) 100vw, 370px\" \/><\/figure><div class=\"wp-block-media-text__content\">\n<p><strong>Bei uns erh\u00e4ltlich:<\/strong><br><br>Th\u00fcringer Waldelixier &#8211; ein Kr\u00e4uterlik\u00f6r mit Arnika und Tannenspitzenextrakt<br><br>erh\u00e4ltlich in folgenden Gr\u00f6\u00dfen:<br><br>&#8211; 0,02 l Flasche<br>&#8211; 0,1 l Taschenflasche<br>&#8211; 0,5 l Flasche rund<br>&#8211; 0,2 l Flasche Tannenbaum<br>&#8211; 0,5 l Flasche Tannenbaum<\/p>\n<\/div><\/div>\n\n\n\n<p><\/p>\n","protected":false},"excerpt":{"rendered":"<p>Aktuelle \u00c4nderungen zu den \u00d6ffnungszeiten Werksverkauf Unser Werksverkauf bleibt an den folgenden Tagen geschlossen: 09.05.2616.05.19.05.2601.06.-12.06.2625.07.-28.07.2613.08.-15.08.2602.10.-09.10.26 Bei uns erh\u00e4ltlich: Th\u00fcringer Waldelixier &#8211; ein Kr\u00e4uterlik\u00f6r mit Arnika und Tannenspitzenextrakt erh\u00e4ltlich in folgenden Gr\u00f6\u00dfen: &#8211; 0,02 l Flasche&#8211; 0,1 l Taschenflasche&#8211; 0,5 l Flasche rund&#8211; 0,2 l Flasche Tannenbaum&#8211; 0,5 l Flasche Tannenbaum<\/p>\n","protected":false},"author":1,"featured_media":0,"parent":0,"menu_order":0,"comment_status":"closed","ping_status":"closed","template":"","meta":[],"_links":{"self":[{"href":"https:\/\/likoerfabrik-trapp.de\/WordPress_03\/index.php?rest_route=\/wp\/v2\/pages\/21"}],"collection":[{"href":"https:\/\/likoerfabrik-trapp.de\/WordPress_03\/index.php?rest_route=\/wp\/v2\/pages"}],"about":[{"href":"https:\/\/likoerfabrik-trapp.de\/WordPress_03\/index.php?rest_route=\/wp\/v2\/types\/page"}],"author":[{"embeddable":true,"href":"https:\/\/likoerfabrik-trapp.de\/WordPress_03\/index.php?rest_route=\/wp\/v2\/users\/1"}],"replies":[{"embeddable":true,"href":"https:\/\/likoerfabrik-trapp.de\/WordPress_03\/index.php?rest_route=%2Fwp%2Fv2%2Fcomments&post=21"}],"version-history":[{"count":57,"href":"https:\/\/likoerfabrik-trapp.de\/WordPress_03\/index.php?rest_route=\/wp\/v2\/pages\/21\/revisions"}],"predecessor-version":[{"id":409,"href":"https:\/\/likoerfabrik-trapp.de\/WordPress_03\/index.php?rest_route=\/wp\/v2\/pages\/21\/revisions\/409"}],"wp:attachment":[{"href":"https:\/\/likoerfabrik-trapp.de\/WordPress_03\/index.php?rest_route=%2Fwp%2Fv2%2Fmedia&parent=21"}],"curies":[{"name":"wp","href":"https:\/\/api.w.org\/{rel}","templated":true}]}}