{"id":2,"date":"2016-05-10T03:48:21","date_gmt":"2016-05-10T03:48:21","guid":{"rendered":"http:\/\/likoerfabrik-trapp.de\/?page_id=2"},"modified":"2025-10-20T14:58:06","modified_gmt":"2025-10-20T14:58:06","slug":"sample-page","status":"publish","type":"page","link":"https:\/\/likoerfabrik-trapp.de\/WordPress_03\/","title":{"rendered":"Herzlich Willkommen"},"content":{"rendered":"\n<div class=\"wp-block-nextend-smartslider3\"><\/div>\n\n\n\n<p><\/p>\n\n\n\n<p class=\"has-very-light-gray-color has-text-color\">.<\/p>\n\n\n\n<p><\/p>\n\n\n<p><img loading=\"lazy\" class=\"alignleft wp-image-65 size-full\" src=\"https:\/\/likoerfabrik-trapp.de\/WordPress_03\/wp-content\/uploads\/2020\/04\/startbild.png\" alt=\"\" width=\"281\" height=\"149\" \/>Die Lik\u00f6rfabrik Rudolf Trapp ist ein kleines Familienunternehmen in dritter Generation. Die Firma wurde im Jahre 1919 durch den Kaufmann Rudolf Trapp als chemisch-pharmazeutisches Laboratorium gegr\u00fcndet und wird heute von dessen Urenkelin gef\u00fchrt. In unserer Firma werden eine Vielzahl verschiedener Spirituosen hergestellt. In unserem Onlineshop k\u00f6nnen Sie eine kurze Beschreibung zu unseren Produkten lesen.<\/p>\n<p>Wir haben in unserer Firma einen gem\u00fctlichen Werksverkauf eingerichtet. Hier k\u00f6nnen Sie unsere Produkte verkosten und g\u00fcnstig einkaufen. Wenn Sie keine Gelegenheit haben, unsere Firma direkt zu besuchen, k\u00f6nnen Sie unsere Spirituosen auch im Direktvertrieb erhalten. Ab einem Bestellwert von 50,00 Euro liefern wir Ihnen unsere Produkte frei Haus direkt nach Hause (Sie zahlen nur 1,50 Euro pro Auftrag f\u00fcr Verpackung und Bearbeitung). N\u00e4heres hierzu erfahren Sie in unserem Onlineshop.<\/p>\n<p>Wir erf\u00fcllen auch spezielle Kundenw\u00fcnsche. Da wir ein kleines Unternehmen sind, erm\u00f6glichen wir auch Sonderabf\u00fcllungen in kleineren Mengen f\u00fcr Vereine, Firmen und dergleichen. Speziell zu besonderen Anl\u00e4ssen, wie Firmenjubil\u00e4en, Weihnachtsfesten oder sonstigen Veranstaltungen oder auch als Firmenpr\u00e4sent k\u00f6nnen wir Ihnen Vorschl\u00e4ge unterbreiten oder Ihre eigenen Ideen und W\u00fcnsche verwirklichen. Bei Interesse k\u00f6nnen Sie sich mit uns in Verbindung setzen. Gern unterbreiten wir Ihnen dann kurzfristig ein auf Ihre W\u00fcnsche abgestimmtes Angebot.<\/p>\n<p>Wenn Sie Fragen haben, stehen wir Ihnen gern zur Verf\u00fcgung. Schreiben Sie uns einfach eine e-Mail oder rufen Sie uns unter 036705\/62314 an.<\/p>\n<p>Und nun w\u00fcnschen wir Ihnen viel Spa\u00df auf unseren Internetseiten.<\/p>","protected":false},"excerpt":{"rendered":"<p>. Die Lik\u00f6rfabrik Rudolf Trapp ist ein kleines Familienunternehmen in dritter Generation. Die Firma wurde im Jahre 1919 durch den Kaufmann Rudolf Trapp als chemisch-pharmazeutisches Laboratorium gegr\u00fcndet und wird heute von dessen Urenkelin gef\u00fchrt. In unserer Firma werden eine Vielzahl verschiedener Spirituosen hergestellt. In unserem Onlineshop k\u00f6nnen Sie eine kurze Beschreibung zu unseren Produkten lesen. [&hellip;]<\/p>\n","protected":false},"author":1,"featured_media":0,"parent":0,"menu_order":0,"comment_status":"closed","ping_status":"open","template":"","meta":[],"_links":{"self":[{"href":"https:\/\/likoerfabrik-trapp.de\/WordPress_03\/index.php?rest_route=\/wp\/v2\/pages\/2"}],"collection":[{"href":"https:\/\/likoerfabrik-trapp.de\/WordPress_03\/index.php?rest_route=\/wp\/v2\/pages"}],"about":[{"href":"https:\/\/likoerfabrik-trapp.de\/WordPress_03\/index.php?rest_route=\/wp\/v2\/types\/page"}],"author":[{"embeddable":true,"href":"https:\/\/likoerfabrik-trapp.de\/WordPress_03\/index.php?rest_route=\/wp\/v2\/users\/1"}],"replies":[{"embeddable":true,"href":"https:\/\/likoerfabrik-trapp.de\/WordPress_03\/index.php?rest_route=%2Fwp%2Fv2%2Fcomments&post=2"}],"version-history":[{"count":10,"href":"https:\/\/likoerfabrik-trapp.de\/WordPress_03\/index.php?rest_route=\/wp\/v2\/pages\/2\/revisions"}],"predecessor-version":[{"id":382,"href":"https:\/\/likoerfabrik-trapp.de\/WordPress_03\/index.php?rest_route=\/wp\/v2\/pages\/2\/revisions\/382"}],"wp:attachment":[{"href":"https:\/\/likoerfabrik-trapp.de\/WordPress_03\/index.php?rest_route=%2Fwp%2Fv2%2Fmedia&parent=2"}],"curies":[{"name":"wp","href":"https:\/\/api.w.org\/{rel}","templated":true}]}}