{"id":17,"date":"2020-04-03T06:44:10","date_gmt":"2020-04-03T06:44:10","guid":{"rendered":"https:\/\/likoerfabrik-trapp.de\/?page_id=17"},"modified":"2020-04-06T09:31:25","modified_gmt":"2020-04-06T09:31:25","slug":"geschichte","status":"publish","type":"page","link":"https:\/\/likoerfabrik-trapp.de\/WordPress_03\/?page_id=17","title":{"rendered":"Geschichte"},"content":{"rendered":"<figure id=\"attachment_54\" aria-describedby=\"caption-attachment-54\" style=\"width: 170px\" class=\"wp-caption alignleft\"><img loading=\"lazy\" class=\"wp-image-54\" src=\"https:\/\/likoerfabrik-trapp.de\/WordPress_03\/wp-content\/uploads\/2020\/04\/passbildrudolf.png\" alt=\"\" width=\"170\" height=\"227\" srcset=\"https:\/\/likoerfabrik-trapp.de\/WordPress_03\/wp-content\/uploads\/2020\/04\/passbildrudolf.png 229w, https:\/\/likoerfabrik-trapp.de\/WordPress_03\/wp-content\/uploads\/2020\/04\/passbildrudolf-225x300.png 225w\" sizes=\"(max-width: 170px) 100vw, 170px\" \/><figcaption id=\"caption-attachment-54\" class=\"wp-caption-text\">Rudolf Trapp<\/figcaption><\/figure>\n<p>Die Lik\u00f6rfabrik Rudolf Trapp ist ein Familienunternehmen in dritter Generation. Die Firma wurde im Jahre 1919 von dem <img loading=\"lazy\" class=\"alignright wp-image-53 size-full\" src=\"https:\/\/likoerfabrik-trapp.de\/WordPress_03\/wp-content\/uploads\/2020\/04\/gliedergeist.png\" alt=\"\" width=\"276\" height=\"213\" \/>damals gerade einmal 20 Jahre alten Rudolf Trapp in Oberwei\u00dfbach gegr\u00fcndet.<\/p>\n<p>Rudolf Trapp begann als chemisch-pharmazeutisches Laboratorium mit der Herstellung von Th\u00fcringer Haus- und Heilmitteln und erarbeitete sich gemeinsam mit dem Deesbacher Hugo K\u00fcmmerling, der sp\u00e4ter die heute weltbekannte Firma K\u00fcmmerling gr\u00fcndete, die ersten Rezepturen f\u00fcr die Spirituosenherstellung.<\/p>\n<p>Die Produkte wurden nach ganz Deutschland versendet. Auch wurden die Waren an die einheimischen Buckelapotheker verkauft, die dann mit ihrem \u201eReff\u201c durchs ganze Land zogen, um die Waren an den Mann bzw. die Frau zu bringen. Die Produkte waren sehr beliebt und der Umsatz konnte stetig gesteigert werden. Man k\u00e4mpfte sich durch die Inflationszeit, in der man viele Verluste hinnehmen musste. Nach \u00dcberwindung dieser Schwierigkeiten ging der Aufschwung jedoch weiter.<\/p>\n<p><img loading=\"lazy\" class=\"alignleft wp-image-56 size-medium\" src=\"https:\/\/likoerfabrik-trapp.de\/WordPress_03\/wp-content\/uploads\/2020\/04\/preisliste-204x300.png\" alt=\"\" width=\"204\" height=\"300\" srcset=\"https:\/\/likoerfabrik-trapp.de\/WordPress_03\/wp-content\/uploads\/2020\/04\/preisliste-204x300.png 204w, https:\/\/likoerfabrik-trapp.de\/WordPress_03\/wp-content\/uploads\/2020\/04\/preisliste.png 225w\" sizes=\"(max-width: 204px) 100vw, 204px\" \/>In den darauf folgenden Jahren wuchs die Produktpalette immer weiter an. Es wurden zahlreiche Mittelchen (Salben, Tinkturen, Balsame, Essenzen etc.) von A, wie <img loading=\"lazy\" class=\"alignright wp-image-51 size-full\" src=\"https:\/\/likoerfabrik-trapp.de\/WordPress_03\/wp-content\/uploads\/2020\/04\/etikettft.png\" alt=\"\" width=\"148\" height=\"179\" \/>Arnikatinktur bis Z, wie Zahntropfen gegen Leiden aller Art hergestellt. In der Zeit nach dem Zweiten Weltkrieg wurden haupts\u00e4chlich Spirituosen hergestellt (sp\u00e4ter durften dann nur noch Spirituosen hergestellt werden).<\/p>\n<p>Das Fabrikationsprogramm umfasste ca. 40 Sorten Trink-Branntweine, diverse Fruchtsaft- und Kr\u00e4uterlik\u00f6re, wie Trapp\u00b4s Gebirgskr\u00e4uterlik\u00f6r, Goldbrand und Punsch in verschiedenen Alkoholst\u00e4rken. Schon zur damaligen Zeit waren die Spirituosen wegen ihrer sehr guten Qualit\u00e4t bekannt und beliebt. In den 50-er und 60-er Jahren besch\u00e4ftigte die Firma bis zu 8 Arbeitskr\u00e4fte.<\/p>\n<p>Leider wurde die sehr gute Entwicklung der Firma durch politische Entscheidungen gest\u00f6rt. Ab April 1953 durften die hergestellten Produkte nur noch an die Gro\u00dfhandelsgenossenschaften geliefert werden. Die zu liefernden Produktsorten und -mengen, wurden vorgegeben und konnten durch das bestehende Spritkontingent nicht ge\u00e4ndert werden. Dies brachte viel \u00c4rger und Unverst\u00e4ndnis bei der bisherigen Kundschaft (besonders dem Einzelhandel), die nun leider nicht mehr beliefert werden konnten.<\/p>\n<figure id=\"attachment_55\" aria-describedby=\"caption-attachment-55\" style=\"width: 226px\" class=\"wp-caption alignright\"><img loading=\"lazy\" class=\"wp-image-55\" src=\"https:\/\/likoerfabrik-trapp.de\/WordPress_03\/wp-content\/uploads\/2020\/04\/passbildwerner.png\" alt=\"\" width=\"226\" height=\"278\" srcset=\"https:\/\/likoerfabrik-trapp.de\/WordPress_03\/wp-content\/uploads\/2020\/04\/passbildwerner.png 277w, https:\/\/likoerfabrik-trapp.de\/WordPress_03\/wp-content\/uploads\/2020\/04\/passbildwerner-244x300.png 244w\" sizes=\"(max-width: 226px) 100vw, 226px\" \/><figcaption id=\"caption-attachment-55\" class=\"wp-caption-text\">Werner Trapp<\/figcaption><\/figure>\n<p><img loading=\"lazy\" class=\"alignleft wp-image-58 \" src=\"https:\/\/likoerfabrik-trapp.de\/WordPress_03\/wp-content\/uploads\/2020\/04\/wernerarbeit-300x204.png\" alt=\"\" width=\"223\" height=\"152\" srcset=\"https:\/\/likoerfabrik-trapp.de\/WordPress_03\/wp-content\/uploads\/2020\/04\/wernerarbeit-300x204.png 300w, https:\/\/likoerfabrik-trapp.de\/WordPress_03\/wp-content\/uploads\/2020\/04\/wernerarbeit.png 447w\" sizes=\"(max-width: 223px) 100vw, 223px\" \/>Nach dem pl\u00f6tzlichen Tod des Firmengr\u00fcnders Rudolf Trapp 1967 \u00fcbernahm sein Sohn Werner Trapp die Gesch\u00e4fte der Lik\u00f6rfabrik. Gemeinsam mit seinen beiden Schwestern und seiner Frau Leni wurde die Firma fortgef\u00fchrt und musste sich zu Zeiten der DDR behaupten, die wie bereits erw\u00e4hnt, viele Herausforderungen mit sich brachte.<\/p>\n<p>Aber trotz der vielen Schwierigkeiten und dem politischem und materiellem Druck blieb die Firma ein Familienunternehmen und der reine Privatstatus konnte bis heute erhalten bleiben.<\/p>\n<p><img loading=\"lazy\" class=\"alignleft wp-image-59 size-medium\" src=\"https:\/\/likoerfabrik-trapp.de\/WordPress_03\/wp-content\/uploads\/2020\/04\/wernerarbeit2-199x300.png\" alt=\"\" width=\"199\" height=\"300\" srcset=\"https:\/\/likoerfabrik-trapp.de\/WordPress_03\/wp-content\/uploads\/2020\/04\/wernerarbeit2-199x300.png 199w, https:\/\/likoerfabrik-trapp.de\/WordPress_03\/wp-content\/uploads\/2020\/04\/wernerarbeit2.png 275w\" sizes=\"(max-width: 199px) 100vw, 199px\" \/>Nach der politischen Wende 1989 mit dem Fall der Mauer begann ein weiterer \u201eNeuanfang\u201c. Der Vertrieb musste wieder neu aufgebaut werden, da es die gro\u00dfen GHG\u00b4s nicht mehr gab. Der Schwerpunkt lag wieder auf den Vertrieb \u00fcber den Einzelhandel. Es mussten neue Kundenkreise erschlossen werden. Nun konnten auch wieder die beliebten Spirituosen aus fr\u00fcheren Zeiten, wie Punsch und Kr\u00e4uterlik\u00f6r hergestellt werden. Aber auch diese Umstellung wurde erfolgreich gemeistert.<\/p>\n<p>Die Spirituosen erfreuen sich weiter wachsender Beliebtheit und der Werbeslogan der drei\u00dfiger Jahre ist bis heute geblieben:<\/p>\n<p>\u201eDie gute Laune flaut nie ab, bei einem Schluck von Rudolf Trapp.\u201c\u00a0\u00a0\u00a0\u00a0\u00a0\u00a0\u00a0\u00a0\u00a0\u00a0\u00a0\u00a0\u00a0\u00a0\u00a0\u00a0<\/p>\n<p>Nachdem Werner Trapp die Firma viele, viele Jahre erfolgreich durch H\u00f6hen und Tiefen begleitete, ging er im Dezember 2000 im hohen Alter von 78 Jahren in den wohlverdienten Ruhestand. Seine Enkeltochter Anja Rose f\u00fchrt die Firma seitdem in der dritten Generation weiter. <img loading=\"lazy\" class=\"alignright wp-image-57 size-medium\" src=\"https:\/\/likoerfabrik-trapp.de\/WordPress_03\/wp-content\/uploads\/2020\/04\/werksverkauf-300x179.png\" alt=\"\" width=\"300\" height=\"179\" srcset=\"https:\/\/likoerfabrik-trapp.de\/WordPress_03\/wp-content\/uploads\/2020\/04\/werksverkauf-300x179.png 300w, https:\/\/likoerfabrik-trapp.de\/WordPress_03\/wp-content\/uploads\/2020\/04\/werksverkauf.png 592w\" sizes=\"(max-width: 300px) 100vw, 300px\" \/><\/p>\n<p>Es wurden umfangreiche Modernisierungsarbeiten in der Firma durchgef\u00fchrt. Ein Werksverkauf wurde eingerichtet und in neue ansprechendere Verpackung der Produkte investiert.<\/p>\n<p>Wie schon die beiden bisherigen Firmeninhaber legen auch wir einen hohen Anspruch an die Qualit\u00e4t unserer Spirituosen, dies beginnt bereits mit der Auswahl der Rohstoffe. Denn nur so kann eine gleichbleibend gute Qualit\u00e4t unserer Produkte erreicht werden, die Sie von uns erwarten und der wir verpflichtet sind.<\/p>\n\n\n<p><\/p>\n","protected":false},"excerpt":{"rendered":"<p>Die Lik\u00f6rfabrik Rudolf Trapp ist ein Familienunternehmen in dritter Generation. Die Firma wurde im Jahre 1919 von dem damals gerade einmal 20 Jahre alten Rudolf Trapp in Oberwei\u00dfbach gegr\u00fcndet. Rudolf Trapp begann als chemisch-pharmazeutisches Laboratorium mit der Herstellung von Th\u00fcringer Haus- und Heilmitteln und erarbeitete sich gemeinsam mit dem Deesbacher Hugo K\u00fcmmerling, der sp\u00e4ter die [&hellip;]<\/p>\n","protected":false},"author":1,"featured_media":0,"parent":0,"menu_order":0,"comment_status":"closed","ping_status":"closed","template":"","meta":[],"_links":{"self":[{"href":"https:\/\/likoerfabrik-trapp.de\/WordPress_03\/index.php?rest_route=\/wp\/v2\/pages\/17"}],"collection":[{"href":"https:\/\/likoerfabrik-trapp.de\/WordPress_03\/index.php?rest_route=\/wp\/v2\/pages"}],"about":[{"href":"https:\/\/likoerfabrik-trapp.de\/WordPress_03\/index.php?rest_route=\/wp\/v2\/types\/page"}],"author":[{"embeddable":true,"href":"https:\/\/likoerfabrik-trapp.de\/WordPress_03\/index.php?rest_route=\/wp\/v2\/users\/1"}],"replies":[{"embeddable":true,"href":"https:\/\/likoerfabrik-trapp.de\/WordPress_03\/index.php?rest_route=%2Fwp%2Fv2%2Fcomments&post=17"}],"version-history":[{"count":6,"href":"https:\/\/likoerfabrik-trapp.de\/WordPress_03\/index.php?rest_route=\/wp\/v2\/pages\/17\/revisions"}],"predecessor-version":[{"id":234,"href":"https:\/\/likoerfabrik-trapp.de\/WordPress_03\/index.php?rest_route=\/wp\/v2\/pages\/17\/revisions\/234"}],"wp:attachment":[{"href":"https:\/\/likoerfabrik-trapp.de\/WordPress_03\/index.php?rest_route=%2Fwp%2Fv2%2Fmedia&parent=17"}],"curies":[{"name":"wp","href":"https:\/\/api.w.org\/{rel}","templated":true}]}}